{"id":2103,"date":"2026-02-17T01:44:26","date_gmt":"2026-02-17T01:44:26","guid":{"rendered":"https:\/\/urolit.lv\/?post_type=product&#038;p=2103"},"modified":"2026-03-22T01:07:29","modified_gmt":"2026-03-21T23:07:29","slug":"analize","status":"publish","type":"product","link":"https:\/\/urolit.lv\/en\/product\/analize\/","title":{"rendered":"Analysis"},"content":{"rendered":"<div class=\"wp-block-column is-layout-flow wp-block-column-is-layout-flow\">\n<ol>\n<li>Place the obtained kidney stone\u2014whether it passed naturally or was removed with the help of a urologist\u2014into a small container or plastic bag.<\/li>\n<li><span style=\"font-size: 16px;\">Provide your first name, last name, personal identification number, and email address.<\/span><\/li>\n<li><span style=\"font-size: 16px;\">Write the address on the envelope as:\n\u201cUrolit\u201d, Ltd., Gardenes Street 13, Riga, LV-1002<\/span><\/li>\n<li><span style=\"font-size: 16px;\">Your kidney stone spectrometric analysis will be completed within 5\u20138 working days.<\/span><\/li>\n<li><span style=\"font-size: 16px;\">You will be able to view your kidney stone composition results at www.datamed.lv<\/span><\/li>\n<li><span style=\"font-size: 16px;\">Schedule an appointment with a urologist to receive a comprehensive assessment and a plan for \u0434\u0430\u043b\u044c\u043d\u0435\u0439\u0448\u0435\u0435 treatment.<\/span><\/li>\n<\/ol>\n<\/div>","protected":false},"excerpt":{"rendered":"<p>Send the stone and receive the result<\/p>","protected":false},"featured_media":2240,"comment_status":"open","ping_status":"closed","template":"","meta":{"_uag_custom_page_level_css":"","site-sidebar-layout":"default","site-content-layout":"","ast-site-content-layout":"default","site-content-style":"default","site-sidebar-style":"default","ast-global-header-display":"","ast-banner-title-visibility":"","ast-main-header-display":"","ast-hfb-above-header-display":"","ast-hfb-below-header-display":"","ast-hfb-mobile-header-display":"","site-post-title":"","ast-breadcrumbs-content":"","ast-featured-img":"","footer-sml-layout":"","ast-disable-related-posts":"","theme-transparent-header-meta":"default","adv-header-id-meta":"","stick-header-meta":"","header-above-stick-meta":"","header-main-stick-meta":"","header-below-stick-meta":"","astra-migrate-meta-layouts":"set","ast-page-background-enabled":"default","ast-page-background-meta":{"desktop":{"background-color":"var(--ast-global-color-4)","background-image":"","background-repeat":"repeat","background-position":"center center","background-size":"auto","background-attachment":"scroll","background-type":"","background-media":"","overlay-type":"","overlay-color":"","overlay-opacity":"","overlay-gradient":""},"tablet":{"background-color":"","background-image":"","background-repeat":"repeat","background-position":"center center","background-size":"auto","background-attachment":"scroll","background-type":"","background-media":"","overlay-type":"","overlay-color":"","overlay-opacity":"","overlay-gradient":""},"mobile":{"background-color":"","background-image":"","background-repeat":"repeat","background-position":"center center","background-size":"auto","background-attachment":"scroll","background-type":"","background-media":"","overlay-type":"","overlay-color":"","overlay-opacity":"","overlay-gradient":""}},"ast-content-background-meta":{"desktop":{"background-color":"var(--ast-global-color-5)","background-image":"","background-repeat":"repeat","background-position":"center center","background-size":"auto","background-attachment":"scroll","background-type":"","background-media":"","overlay-type":"","overlay-color":"","overlay-opacity":"","overlay-gradient":""},"tablet":{"background-color":"var(--ast-global-color-5)","background-image":"","background-repeat":"repeat","background-position":"center center","background-size":"auto","background-attachment":"scroll","background-type":"","background-media":"","overlay-type":"","overlay-color":"","overlay-opacity":"","overlay-gradient":""},"mobile":{"background-color":"var(--ast-global-color-5)","background-image":"","background-repeat":"repeat","background-position":"center center","background-size":"auto","background-attachment":"scroll","background-type":"","background-media":"","overlay-type":"","overlay-color":"","overlay-opacity":"","overlay-gradient":""}}},"product_brand":[],"product_cat":[15],"product_tag":[],"class_list":{"0":"post-2103","1":"product","2":"type-product","3":"status-publish","4":"has-post-thumbnail","6":"product_cat-urologs","7":"desktop-align-left","8":"tablet-align-left","9":"mobile-align-left","11":"first","12":"instock","13":"featured","14":"virtual","15":"purchasable","16":"product-type-simple"},"aioseo_notices":[],"uagb_featured_image_src":{"full":["https:\/\/urolit.lv\/wp-content\/uploads\/2026\/03\/icon_5_crop-1.png",502,502,false],"thumbnail":["https:\/\/urolit.lv\/wp-content\/uploads\/2026\/03\/icon_5_crop-1-150x150.png",150,150,true],"medium":["https:\/\/urolit.lv\/wp-content\/uploads\/2026\/03\/icon_5_crop-1-300x300.png",300,300,true],"medium_large":["https:\/\/urolit.lv\/wp-content\/uploads\/2026\/03\/icon_5_crop-1.png",502,502,false],"large":["https:\/\/urolit.lv\/wp-content\/uploads\/2026\/03\/icon_5_crop-1.png",502,502,false],"1536x1536":["https:\/\/urolit.lv\/wp-content\/uploads\/2026\/03\/icon_5_crop-1.png",502,502,false],"2048x2048":["https:\/\/urolit.lv\/wp-content\/uploads\/2026\/03\/icon_5_crop-1.png",502,502,false],"trp-custom-language-flag":["https:\/\/urolit.lv\/wp-content\/uploads\/2026\/03\/icon_5_crop-1.png",12,12,false],"woocommerce_thumbnail":["https:\/\/urolit.lv\/wp-content\/uploads\/2026\/03\/icon_5_crop-1-300x300.png",300,300,true],"woocommerce_single":["https:\/\/urolit.lv\/wp-content\/uploads\/2026\/03\/icon_5_crop-1.png",502,502,false],"woocommerce_gallery_thumbnail":["https:\/\/urolit.lv\/wp-content\/uploads\/2026\/03\/icon_5_crop-1-100x100.png",100,100,true]},"uagb_author_info":{"display_name":"harijs.cirulis@whitedigital.eu","author_link":"https:\/\/urolit.lv\/en\/author\/"},"uagb_comment_info":0,"uagb_excerpt":"Ats\u016bti akmeni un sa\u0146em rezult\u0101tu","_links":{"self":[{"href":"https:\/\/urolit.lv\/en\/wp-json\/wp\/v2\/product\/2103","targetHints":{"allow":["GET"]}}],"collection":[{"href":"https:\/\/urolit.lv\/en\/wp-json\/wp\/v2\/product"}],"about":[{"href":"https:\/\/urolit.lv\/en\/wp-json\/wp\/v2\/types\/product"}],"replies":[{"embeddable":true,"href":"https:\/\/urolit.lv\/en\/wp-json\/wp\/v2\/comments?post=2103"}],"wp:featuredmedia":[{"embeddable":true,"href":"https:\/\/urolit.lv\/en\/wp-json\/wp\/v2\/media\/2240"}],"wp:attachment":[{"href":"https:\/\/urolit.lv\/en\/wp-json\/wp\/v2\/media?parent=2103"}],"wp:term":[{"taxonomy":"product_brand","embeddable":true,"href":"https:\/\/urolit.lv\/en\/wp-json\/wp\/v2\/product_brand?post=2103"},{"taxonomy":"product_cat","embeddable":true,"href":"https:\/\/urolit.lv\/en\/wp-json\/wp\/v2\/product_cat?post=2103"},{"taxonomy":"product_tag","embeddable":true,"href":"https:\/\/urolit.lv\/en\/wp-json\/wp\/v2\/product_tag?post=2103"}],"curies":[{"name":"wp","href":"https:\/\/api.w.org\/{rel}","templated":true}]}}