{"id":3,"date":"2026-01-13T16:39:09","date_gmt":"2026-01-13T16:39:09","guid":{"rendered":"http:\/\/urolit.lv\/?page_id=3"},"modified":"2026-03-19T01:07:52","modified_gmt":"2026-03-19T01:07:52","slug":"privacy-policy","status":"publish","type":"page","link":"https:\/\/urolit.lv\/en\/privacy-policy\/","title":{"rendered":"Privacy Policy"},"content":{"rendered":"<h2 class=\"wp-block-heading\">Privacy Policy<\/h2>\n\n\n\n<p>SIA Urolit,re\u0123.nr.40203352230,Strautu iela 13, V\u0113tras, M\u0101rupe&nbsp; (turpm\u0101k \u2013\u0100I) ir personas datu P\u0101rzinis, kas izpilda ties\u012bbu aktos noteikt\u0101s pras\u012bbas attiec\u012bb\u0101 uz iest\u0101des r\u012bc\u012bb\u0101 eso\u0161o personas datu apstr\u0101di un aizsardz\u012bbu.<\/p>\n\n\n\n<p>Priv\u0101tuma politikas m\u0113r\u0137is ir nodro\u0161in\u0101t fizisku personu priv\u0101tuma ties\u012bbas un br\u012bv\u012bbas, personas datu apstr\u0101des procesu p\u0101rskat\u0101m\u012bbu un kontroli, datu integrit\u0101ti un pieejam\u012bbu datu subjektiem. Ar \u0161o politiku m\u0113s inform\u0113jam pacientus, klientus, sadarb\u012bbas partnerus un person\u0101lu par pas\u0101kumiem, kas tiek \u012bstenoti iest\u0101d\u0113, lai nodro\u0161in\u0101tu personas datu aizsardz\u012bbu. M\u0113s inform\u0113jam datu subjektus par vi\u0146u ties\u012bb\u0101m un pien\u0101kumiem.<\/p>\n\n\n\n<p>\u0160aj\u0101 dokument\u0101 j\u0113dziens personas dati saprotams k\u0101 jebkura inform\u0101cija, kas tie\u0161i vai netie\u0161i attiecin\u0101ma uz fizisku personu (\u201cdatu subjekts\u201d). J\u0113dziens \u201capstr\u0101de\u201d saprotams k\u0101 jebkura ar personas datiem vai personas datu kopumiem veikta darb\u012bba vai darb\u012bbu kopums, ko veic ar vai bez automatiz\u0113tiem l\u012bdzek\u013ciem, piem\u0113ram, v\u0101k\u0161ana, re\u0123istr\u0101cija, organiz\u0113\u0161ana, struktur\u0113\u0161ana, glab\u0101\u0161ana, piel\u0101go\u0161ana vai p\u0101rveido\u0161ana, atg\u016b\u0161ana, apl\u016bko\u0161ana, izmanto\u0161ana, izpau\u0161ana, nos\u016btot, izplatot vai cit\u0101di darot tos pieejamus, saska\u0146o\u0161ana vai kombin\u0113\u0161ana, ierobe\u017eo\u0161ana, dz\u0113\u0161ana vai izn\u012bcin\u0101\u0161ana.<\/p>\n\n\n\n<p>\u0160\u012b Priv\u0101tuma politika piln\u0101 m\u0113r\u0101 attiecas uz ikvienu datu subjektu, kura personas datus apstr\u0101d\u0101 \u0100I k\u0101 p\u0101rzinis.<\/p>\n\n\n\n<p>\u0100I ir ar\u012b personas datu apstr\u0101d\u0101t\u0101js tiem fizisku personu datiem, kurus \u0100I apstr\u0101d\u0101 citu personas datu p\u0101rzi\u0146u uzdevum\u0101. \u0100I ir datu apstr\u0101d\u0101t\u0101js Nacion\u0101l\u0101 vesel\u012bbas dienesta vienot\u0101 vesel\u012bbas nozares elektronisk\u0101 inform\u0101cijas sist\u0113m\u0101 (e-vesel\u012bba) un vesel\u012bbas apr\u016bpes pakalpojumu apmaksas nor\u0113\u0137inu sist\u0113m\u0101 \u201eVad\u012bbas inform\u0101cijas sist\u0113ma\u201d ietvertajiem personu datiem. Attiec\u012bb\u0101 uz \u0161eit min\u0113to datu apstr\u0101di, \u0100I izpilda datu apstr\u0101d\u0101t\u0101ja pien\u0101kumus, bet P\u0101rzi\u0146a pien\u0101kumus pilda katras konkr\u0113t\u0101s datu apstr\u0101des sist\u0113mas p\u0101rzinis. T\u0101p\u0113c \u0161\u012b politika attiecas tikai apstr\u0101d\u0101t\u0101jam noteikto pien\u0101kumu ietvar\u0101.<\/p>\n\n\n\n<p><strong>Par personas datiem, kas tiek v\u0101kti un apstr\u0101d\u0101ti<\/strong><\/p>\n\n\n\n<p>\u0160\u012b politika tiek piem\u0113rota visa veida fizisko personu datiem, kurus apstr\u0101d\u0101 \u0101rstniec\u012bbas iest\u0101de. Personas dati \u0101rstniec\u012bbas iest\u0101d\u0113 var b\u016bt pap\u012bra un elektronisk\u0101 form\u0101, taj\u0101 skait\u0101 e-pastu sarakstes veid\u0101, foto, video un audio ierakstu form\u0101, taj\u0101 skait\u0101 k\u0101 telefonsarunu ieraksti, biolo\u0123isk\u0101 materi\u0101la veid\u0101.<\/p>\n\n\n\n<p>\u0100I k\u0101 p\u0101rzinis nodro\u0161ina, ka personu dati tiek glab\u0101ti dro\u0161i un darb\u0101 tiek iev\u0113rots konfidencialit\u0101tes princips. Iest\u0101de nodro\u0161ina datu subjekta intereses, godpr\u0101t\u012bgu un likum\u012bgu personas datu apstr\u0101di tikai atbilsto\u0161i paredz\u0113tajam m\u0113r\u0137im un tam nepiecie\u0161amaj\u0101 apjom\u0101.<\/p>\n\n\n\n<p>\u0100rstniec\u012bbas iest\u0101de ieg\u016bst un apstr\u0101d\u0101 tos pacientu personas datus pacientu medic\u012bniskajos un citos dokumentos, kas ir nepiecie\u0161ami vesel\u012bbas apr\u016bpes pakalpojumu snieg\u0161anai. Tie var satur\u0113t \u0161\u0101du inform\u0101ciju:<br>\u2022&nbsp;&nbsp; &nbsp;personas v\u0101rdu un uzv\u0101rdu, personas kodu, adresi, e-pasta adresi, t\u0101lru\u0146a numuru, vecumu, dzimumu, profesiju, kvalifik\u0101ciju, izgl\u012bt\u012bbu, inform\u0101ciju par pacienta p\u0101rst\u0101vi un kontaktinform\u0101ciju neatliekamiem gad\u012bjumiem;<br>\u2022&nbsp;&nbsp; &nbsp;inform\u0101ciju par pacienta kontaktiem ar praksi, taj\u0101 skait\u0101 par zvaniem un elektroniski s\u016bt\u012btiem pazi\u0146ojumiem, k\u0101 ar\u012b par prakses apmekl\u0113jumiem;<br>\u2022&nbsp;&nbsp; &nbsp;medic\u012bniskos ierakstus un atzinumus par pacienta vesel\u012bbas st\u0101vokli, inform\u0101ciju par veikto \u0101rst\u0113\u0161anu un apr\u016bpi, kas parasti tiek apkopota pacienta ambulatoraj\u0101 kart\u0113, bet var b\u016bt ietverta ar\u012b atsevi\u0161\u0137os dokumentos;<br>\u2022&nbsp;&nbsp; &nbsp;da\u017e\u0101du laboratorisko un diagnostisko izmekl\u0113jumu rezult\u0101tus;<br>\u2022&nbsp;&nbsp; &nbsp;t\u0101du inform\u0101ciju no citiem vesel\u012bbas apr\u016bpes pakopojumu sniedz\u0113jiem vai no pacienta tuviniekiem, kas sniedz zi\u0146as par pacienta \u0101rst\u0113\u0161anas vajadz\u012bb\u0101m;<br>\u2022&nbsp;&nbsp; &nbsp;personas datus, kuru ieg\u016b\u0161anu un apstr\u0101di nosaka oblig\u0101tas ties\u012bbu normas;<br>\u2022&nbsp;&nbsp; &nbsp;personu datus, kuru apstr\u0101de ir nepiecie\u0161ama, lai nodro\u0161in\u0101tu b\u016btiskas sabiedr\u012bbas intereses, piem\u0113ram, lai nov\u0113rstu noziedz\u012bgus nodar\u012bjumus vai riskus, kas saist\u012bti ar b\u0113rnu vai citu pieaugu\u0161u cilv\u0113ku aizsardz\u012bbu.<\/p>\n\n\n\n<p>Tiesiskais pamats personas datu apstr\u0101dei ir noteikts ties\u012bbu aktos, t\u0101dos k\u0101 Pacientu ties\u012bbu likums, Eiropas Parlamenta un Padomes 2016. gada 27. apr\u012b\u013ca Regula (ES) 2016\/679 par fizisku personu aizsardz\u012bbu attiec\u012bb\u0101 uz personas datu apstr\u0101di un \u0161\u0101du datu br\u012bvu apriti un ar ko atce\u013c Direkt\u012bvu 95\/46\/EK (Visp\u0101r\u012bg\u0101 datu aizsardz\u012bbas regula) (turpm\u0101k \u2013 Regula) un citos Latvijas Republik\u0101 sp\u0113k\u0101 eso\u0161ajos normat\u012bvajos aktos, kas reglament\u0113 fizisko personu datu un priv\u0101t\u0101s dz\u012bves aizsardz\u012bbu.<\/p>\n\n\n\n<p>Pacientu personas dati tiek ieg\u016bti un apstr\u0101d\u0101ti ar m\u0113r\u0137i nodro\u0161in\u0101t pilnv\u0113rt\u012bgu, kvalitat\u012bvu un laikus sniegtu vesel\u012bbas apr\u016bpes pakalpojumu. Pacientu personas datu apstr\u0101de notiek pamatojoties uz Regulas 6.panta 1. punkta b) un c) apak\u0161punktu un Regulas 9.panta 2.punkta c) un h) apak\u0161punkt\u0101 noteikto.<\/p>\n\n\n\n<p>\u0100rstniec\u012bbas iest\u0101de ieg\u016bst un apstr\u0101d\u0101 \u0101rstniec\u012bbas iest\u0101des person\u0101la personas datus, lai nodro\u0161in\u0101tu darba tiesisko attiec\u012bbu nodibin\u0101\u0161anai un \u012bsteno\u0161anai nepiecie\u0161amos pas\u0101kumus. Person\u0101la personas datu apstr\u0101de notiek saska\u0146\u0101 ar ties\u012bbu aktos un darba l\u012bgum\u0101 noteikto.<\/p>\n\n\n\n<p>\u0100rstniec\u012bbas iest\u0101de var apstr\u0101d\u0101t to personu datus, kas ir ietverti iest\u0101des l\u012bgumos ar t\u0101s sadarb\u012bbas partneriem un klientiem. \u0160o personas datu apstr\u0101de notiek ties\u012bbu aktos un l\u012bgumos noteikto ties\u012bbu ietvar\u0101.<\/p>\n\n\n\n<p><strong>Datu uzglab\u0101\u0161ana un dro\u0161\u012bba<\/strong><\/p>\n\n\n\n<p>\u0100rstniec\u012bbas iest\u0101de k\u0101 datu p\u0101rzinis nodro\u0161ina personas datu dro\u0161u uzglab\u0101\u0161anu. Pap\u012bra dokumentus, kas satur personas datus, p\u0101rzinis glab\u0101 sl\u0113gt\u0101 telp\u0101 un nodro\u0161ina, ka tiem var piek\u013c\u016bt tikai t\u0101s personas, kur\u0101m p\u0101rzinis ir pie\u0161\u0137\u012bris ties\u012bbas apstr\u0101d\u0101t datus. P\u0101rzinis uzglab\u0101 elektroniskus datus ier\u012bc\u0113s, kas ir apr\u012bkotas ar dro\u0161\u0101m parol\u0113m un nodro\u0161ina, ka \u0161iem datiem nevar piek\u013c\u016bt personas, kur\u0101m nav ties\u012bbas to dar\u012bt.<\/p>\n\n\n\n<p>P\u0101rzinis veic datu dro\u0161\u012bbas uzraudz\u012bbu. Par gad\u012bjumiem, kuros ir konstat\u0113ts apdraud\u0113jums datu subjektam, P\u0101rzinis pazi\u0146o Datu valsts inspekcijai un datu subjektam 72 stundu laik\u0101.<\/p>\n\n\n\n<p><strong>Kas piek\u013c\u016bst p\u0101rzi\u0146a r\u012bc\u012bb\u0101 eso\u0161ajiem personas datiem<\/strong><\/p>\n\n\n\n<p>\u0100rstniec\u012bbas iest\u0101d\u0113 pacienta personas datiem var piek\u013c\u016bt tikai t\u0101s personas, kas ir tie\u0161i iesaist\u012btas pacienta \u0101rst\u0113\u0161an\u0101 vai nodro\u0161ina \u0101rst\u0113\u0161anai nepiecie\u0161amos atbalsta pas\u0101kumus, piem\u0113ram, pacientu pierakstu.<\/p>\n\n\n\n<p>Tiem personas datiem, kas ir ietverti gr\u0101matved\u012bbas dokumentos, piek\u013c\u016bst iest\u0101des vad\u012bt\u0101js un gr\u0101matvedis.<\/p>\n\n\n\n<p>Normat\u012bvajos aktos noteiktos pien\u0101kumu, piem\u0113ram, statistikas datu apkopo\u0161anai, datu aktualiz\u0113\u0161anai, valsts apmaks\u0101to vesel\u012bbas apr\u016bpes pakalpojumu administr\u0113\u0161anai, nepiecie\u0161amo datu apstr\u0101di veic k\u0101ds no \u0101rstniec\u012bbas iest\u0101des nodarbin\u0101tajiem.<\/p>\n\n\n\n<p><strong>K\u0101 personas dati tiek izmantoti<\/strong><\/p>\n\n\n\n<p>P\u0101rzinis ap\u0146emas nenodot personas datus tre\u0161aj\u0101m person\u0101m bez datu subjekta piekri\u0161anas sa\u0146em\u0161anas, k\u0101 ar\u012b iev\u0113rojot nosl\u0113gtos l\u012bgumus ar apdro\u0161in\u0101\u0161anas sabiedr\u012bb\u0101m apdro\u0161in\u0101\u0161anas l\u012bgum\u0101 noteiktaj\u0101 apjom\u0101 un \u0101rstniec\u012bbas iest\u0101d\u0113 nodro\u0161inot apm\u0101c\u012bbu. Pacienta datus p\u0101rzinis var nodot tre\u0161aj\u0101m person\u0101m bez pacienta piekri\u0161anas tikai ties\u012bbu aktos noteiktajos gad\u012bjumos un tajos noteikt\u0101 apjom\u0101.<\/p>\n\n\n\n<p>K\u0101das ir datu subjekta ties\u012bbas un k\u0101 t\u0101s tiek nodro\u0161in\u0101tas<\/p>\n\n\n\n<p>Datu subjektam ir ties\u012bbas piek\u013c\u016bt saviem personas datiem, apskat\u012bt tos, sa\u0146emt piem\u0113rot\u0101 pap\u012bra vai elektronisk\u0101 form\u0101 (ja dati \u0161\u0101d\u0101 form\u0101 pieejami).<\/p>\n\n\n\n<p>Ties\u012bbas piepras\u012bt un sa\u0146emt inform\u0101ciju par datu ieg\u016b\u0161anu, apstr\u0101di un glab\u0101\u0161anu.<\/p>\n\n\n\n<p>Ties\u012bbas piepras\u012bt savu personas datu labo\u0161anu, ja tie ir nepareizi, nepiln\u012bgi, novecoju\u0161i.<\/p>\n\n\n\n<p>Ties\u012bbas piepras\u012bt savu personas datu dz\u0113\u0161anu ir ierobe\u017eotas un \u012bstenojamas tikai attiec\u012bb\u0101 uz tiem datiem, kuru oblig\u0101tu glab\u0101\u0161anu nenosaka normat\u012bvie akti.<\/p>\n\n\n\n<p>Ties\u012bbas iebilst pret savu personas datu apstr\u0101di, ja ir pamats dom\u0101t, ka dati tiek apstr\u0101d\u0101ti nelikum\u012bgi un\/vai neatbilsto\u0161i m\u0113r\u0137im.<\/p>\n\n\n\n<p>Datu subjektam \u0161eit min\u0113to ties\u012bbu \u012bsteno\u0161anai ir j\u0101iesniedz rakstisks piepras\u012bjums \u0100I vad\u012bt\u0101jam, to nododot iest\u0101d\u0113 kl\u0101tien\u0113 vai nos\u016btot pa pastu uz adresi: E. Smi\u013c\u0123a iela 44-115, R\u012bga, LV-1002 Elektroniski parakst\u012btus iesniegumus var iesniegt, nos\u016btot tos uz e-pasta adresi:&nbsp;<a href=\"https:\/\/web.archive.org\/web\/20251016101200\/mailto:info@urolit.lv\">info@urolit.lv<\/a><\/p>\n\n\n\n<p><strong>K\u0101 datu subjekts var iesniegt piepras\u012bjumus un s\u016bdz\u012bbas par datu apstr\u0101des jaut\u0101jumiem<\/strong><\/p>\n\n\n\n<p>Datu subjekts ir ties\u012bgs iesniegt s\u016bdz\u012bbu p\u0101rzinim, tas ir \u0101rstniec\u012bbas iest\u0101dei. Datu subjekts ir ties\u012bgs iesniegt s\u016bdz\u012bbas par personas datu izmanto\u0161anu Datu valsts inspekcijai, t\u0101s adrese ir: Blauma\u0146a iela 11\/13-11, R\u012bga, LV-1011.<\/p>\n\n\n\n<p>Jaut\u0101jumus par \u0161o priv\u0101tuma politiku, par personas datu izmanto\u0161anu, apstr\u0101di un glab\u0101\u0161anu l\u016bdzam uzdot, nos\u016btot zi\u0146u uz e-pastu:&nbsp;<a href=\"https:\/\/web.archive.org\/web\/20251016101200\/mailto:%20info@urolit.lv%20\">&nbsp;info@urolit.lv&nbsp;<\/a>vai prasot inform\u0101ciju prakses darbiniekiem.<\/p>\n\n\n\n<p>P\u0101rzinis ir ties\u012bgs groz\u012bt Politiku p\u0113c saviem ieskatiem. Politika ir pieejama prakses telp\u0101s un m\u0101jas lap\u0101 (ja t\u0101da ir).<\/p>\n\n\n\n<p>Maks\u0101jumu apstr\u0101di nodro\u0161ina maks\u0101jumu platforma makecommerce.lv, t\u0101p\u0113c m\u016bsu uz\u0146\u0113mums maks\u0101jumu izpildei nepiecie\u0161amos personas datus nodod platformas \u012bpa\u0161niekam Maksekeskus AS.<\/p>","protected":false},"excerpt":{"rendered":"<p>Priv\u0101tuma politika SIA Urolit,re\u0123.nr.40203352230,Strautu iela 13, V\u0113tras, M\u0101rupe&nbsp; (turpm\u0101k \u2013\u0100I) ir personas datu P\u0101rzinis, kas izpilda ties\u012bbu aktos noteikt\u0101s pras\u012bbas attiec\u012bb\u0101 uz iest\u0101des r\u012bc\u012bb\u0101 eso\u0161o personas datu apstr\u0101di un aizsardz\u012bbu. Priv\u0101tuma politikas m\u0113r\u0137is ir nodro\u0161in\u0101t fizisku personu priv\u0101tuma ties\u012bbas un br\u012bv\u012bbas, personas datu apstr\u0101des procesu p\u0101rskat\u0101m\u012bbu un kontroli, datu integrit\u0101ti un pieejam\u012bbu datu subjektiem. Ar [&hellip;]<\/p>\n","protected":false},"author":1,"featured_media":0,"parent":0,"menu_order":0,"comment_status":"closed","ping_status":"open","template":"","meta":{"_uag_custom_page_level_css":"","site-sidebar-layout":"default","site-content-layout":"","ast-site-content-layout":"default","site-content-style":"default","site-sidebar-style":"default","ast-global-header-display":"","ast-banner-title-visibility":"","ast-main-header-display":"","ast-hfb-above-header-display":"","ast-hfb-below-header-display":"","ast-hfb-mobile-header-display":"","site-post-title":"","ast-breadcrumbs-content":"","ast-featured-img":"","footer-sml-layout":"","ast-disable-related-posts":"","theme-transparent-header-meta":"","adv-header-id-meta":"","stick-header-meta":"","header-above-stick-meta":"","header-main-stick-meta":"","header-below-stick-meta":"","astra-migrate-meta-layouts":"set","ast-page-background-enabled":"default","ast-page-background-meta":{"desktop":{"background-color":"var(--ast-global-color-4)","background-image":"","background-repeat":"repeat","background-position":"center center","background-size":"auto","background-attachment":"scroll","background-type":"","background-media":"","overlay-type":"","overlay-color":"","overlay-opacity":"","overlay-gradient":""},"tablet":{"background-color":"","background-image":"","background-repeat":"repeat","background-position":"center center","background-size":"auto","background-attachment":"scroll","background-type":"","background-media":"","overlay-type":"","overlay-color":"","overlay-opacity":"","overlay-gradient":""},"mobile":{"background-color":"","background-image":"","background-repeat":"repeat","background-position":"center center","background-size":"auto","background-attachment":"scroll","background-type":"","background-media":"","overlay-type":"","overlay-color":"","overlay-opacity":"","overlay-gradient":""}},"ast-content-background-meta":{"desktop":{"background-color":"var(--ast-global-color-5)","background-image":"","background-repeat":"repeat","background-position":"center center","background-size":"auto","background-attachment":"scroll","background-type":"","background-media":"","overlay-type":"","overlay-color":"","overlay-opacity":"","overlay-gradient":""},"tablet":{"background-color":"var(--ast-global-color-5)","background-image":"","background-repeat":"repeat","background-position":"center center","background-size":"auto","background-attachment":"scroll","background-type":"","background-media":"","overlay-type":"","overlay-color":"","overlay-opacity":"","overlay-gradient":""},"mobile":{"background-color":"var(--ast-global-color-5)","background-image":"","background-repeat":"repeat","background-position":"center center","background-size":"auto","background-attachment":"scroll","background-type":"","background-media":"","overlay-type":"","overlay-color":"","overlay-opacity":"","overlay-gradient":""}},"footnotes":""},"class_list":["post-3","page","type-page","status-publish","hentry"],"aioseo_notices":[],"_hostinger_reach_plugin_has_subscription_block":false,"_hostinger_reach_plugin_is_elementor":false,"uagb_featured_image_src":{"full":false,"thumbnail":false,"medium":false,"medium_large":false,"large":false,"1536x1536":false,"2048x2048":false,"trp-custom-language-flag":false,"woocommerce_thumbnail":false,"woocommerce_single":false,"woocommerce_gallery_thumbnail":false},"uagb_author_info":{"display_name":"harijs.cirulis@whitedigital.eu","author_link":"https:\/\/urolit.lv\/en\/author\/harijs-ciruliswhitedigital-eu\/"},"uagb_comment_info":0,"uagb_excerpt":"Priv\u0101tuma politika SIA Urolit,re\u0123.nr.40203352230,Strautu iela 13, V\u0113tras, M\u0101rupe&nbsp; (turpm\u0101k \u2013\u0100I) ir personas datu P\u0101rzinis, kas izpilda ties\u012bbu aktos noteikt\u0101s pras\u012bbas attiec\u012bb\u0101 uz iest\u0101des r\u012bc\u012bb\u0101 eso\u0161o personas datu apstr\u0101di un aizsardz\u012bbu. Priv\u0101tuma politikas m\u0113r\u0137is ir nodro\u0161in\u0101t fizisku personu priv\u0101tuma ties\u012bbas un br\u012bv\u012bbas, personas datu apstr\u0101des procesu p\u0101rskat\u0101m\u012bbu un kontroli, datu integrit\u0101ti un pieejam\u012bbu datu subjektiem. Ar&hellip;","_links":{"self":[{"href":"https:\/\/urolit.lv\/en\/wp-json\/wp\/v2\/pages\/3","targetHints":{"allow":["GET"]}}],"collection":[{"href":"https:\/\/urolit.lv\/en\/wp-json\/wp\/v2\/pages"}],"about":[{"href":"https:\/\/urolit.lv\/en\/wp-json\/wp\/v2\/types\/page"}],"author":[{"embeddable":true,"href":"https:\/\/urolit.lv\/en\/wp-json\/wp\/v2\/users\/1"}],"replies":[{"embeddable":true,"href":"https:\/\/urolit.lv\/en\/wp-json\/wp\/v2\/comments?post=3"}],"version-history":[{"count":1,"href":"https:\/\/urolit.lv\/en\/wp-json\/wp\/v2\/pages\/3\/revisions"}],"predecessor-version":[{"id":2244,"href":"https:\/\/urolit.lv\/en\/wp-json\/wp\/v2\/pages\/3\/revisions\/2244"}],"wp:attachment":[{"href":"https:\/\/urolit.lv\/en\/wp-json\/wp\/v2\/media?parent=3"}],"curies":[{"name":"wp","href":"https:\/\/api.w.org\/{rel}","templated":true}]}}