{"id":2254,"date":"2026-03-20T18:23:19","date_gmt":"2026-03-20T18:23:19","guid":{"rendered":"https:\/\/urolit.lv\/?page_id=2254"},"modified":"2026-03-20T18:28:00","modified_gmt":"2026-03-20T18:28:00","slug":"prod","status":"publish","type":"page","link":"https:\/\/urolit.lv\/en\/prod\/","title":{"rendered":"prod-test"},"content":{"rendered":"<div data-spectra-id=\"spectra-mmz8ayxb-94jp88\"\tstyle=\"overflow: visible;\" class=\"spectra-is-root-container alignfull spectra-overlay-color spectra-overflow wp-block-spectra-container\" data-orientation=\"vertical\"\t>\n\t\n\n<div class=\"wp-block-group alignwide is-layout-constrained wp-container-core-group-is-layout-7c37d1e3 wp-block-group-is-layout-constrained\" style=\"margin-top:0px;margin-bottom:80px;padding-top:0;padding-right:var(--wp--preset--spacing--30);padding-bottom:0;padding-left:var(--wp--preset--spacing--30)\">\n<div data-wp-context=\"{&quot;notices&quot;:[],&quot;hideNextPreviousButtons&quot;:false,&quot;isDisabledPrevious&quot;:true,&quot;isDisabledNext&quot;:false,&quot;ariaLabelPrevious&quot;:&quot;Previous products&quot;,&quot;ariaLabelNext&quot;:&quot;Next products&quot;}\" data-wp-init=\"callbacks.onRender\" data-wp-interactive=\"woocommerce\/product-collection\" data-wp-router-region=\"wc-product-collection-0\" data-__private-preview-state=\"{&quot;isPreview&quot;:false,&quot;previewMessage&quot;:&quot;Actual products will vary depending on the page being viewed.&quot;}\" data-block-name=\"woocommerce\/product-collection\" data-dimensions=\"{&quot;widthType&quot;:&quot;fill&quot;,&quot;fixedWidth&quot;:&quot;&quot;}\" data-display-layout=\"{&quot;type&quot;:&quot;flex&quot;,&quot;columns&quot;:3}\" data-query-context-includes=\"[&quot;collection&quot;]\" data-query-id=\"0\" data-query=\"{&quot;perPage&quot;:3,&quot;pages&quot;:0,&quot;offset&quot;:0,&quot;postType&quot;:&quot;product&quot;,&quot;order&quot;:&quot;asc&quot;,&quot;orderBy&quot;:&quot;title&quot;,&quot;search&quot;:&quot;&quot;,&quot;exclude&quot;:[],&quot;inherit&quot;:false,&quot;taxQuery&quot;:[],&quot;isProductCollectionBlock&quot;:true,&quot;woocommerceOnSale&quot;:false,&quot;woocommerceStockStatus&quot;:[&quot;instock&quot;,&quot;outofstock&quot;,&quot;onbackorder&quot;],&quot;woocommerceAttributes&quot;:[],&quot;woocommerceHandPickedProducts&quot;:[]}\" data-tag-name=\"div\" class=\"wp-block-woocommerce-product-collection alignwide is-layout-flow wp-block-woocommerce-product-collection-is-layout-flow\">\t\t<div data-wp-interactive=\"woocommerce\/store-notices\" class=\"wc-block-components-notices alignwide\">\n\t\t\t\n\t\t\t\t<div class=\"wc-block-components-notice-banner\" data-wp-init=\"callbacks.scrollIntoView\" data-wp-class--is-error=\"state.isError\" data-wp-class--is-success=\"state.isSuccess\" data-wp-class--is-info=\"state.isInfo\" data-wp-class--is-dismissible=\"context.notice.dismissible\" data-wp-bind--role=\"state.role\" data-wp-watch=\"callbacks.injectIcon\">\n\t\t\t\t\t<div class=\"wc-block-components-notice-banner__content\">\n\t\t\t\t\t\t<span data-wp-init=\"callbacks.renderNoticeContent\" aria-live=\"assertive\"><\/span>\n\t\t\t\t\t<\/div>\n\t\t\t\t\t<button data-wp-bind--hidden=\"!context.notice.dismissible\" class=\"wc-block-components-button wp-element-button wc-block-components-notice-banner__dismiss contained\" aria-label=\"Dismiss this notice\" data-wp-on--click=\"actions.removeNotice\">\n\t\t\t\t\t\t<svg xmlns=\"http:\/\/www.w3.org\/2000\/svg\" viewBox=\"0 0 24 24\">\n\t\t\t\t\t\t\t<path d=\"M13 11.8l6.1-6.3-1-1-6.1 6.2-6.1-6.2-1 1 6.1 6.3-6.5 6.7 1 1 6.5-6.6 6.5 6.6 1-1z\" \/>\n\t\t\t\t\t\t<\/svg>\n\t\t\t\t\t<\/button>\n\t\t\t\t<\/div>\n\t\t\t\n\t\t<\/div>\n\t\t<ul data-block-name=\"woocommerce\/product-template\" class=\"is-flex-container columns-3 wc-block-product-template wp-block-woocommerce-product-template is-layout-flow wp-block-woocommerce-product-template-is-layout-flow\" data-wp-on--scroll=\"actions.watchScroll\" data-wp-init=\"callbacks.initResizeObserver\"><li class=\"wc-block-product post-2103 product type-product status-publish has-post-thumbnail product_cat-urologs desktop-align-left tablet-align-left mobile-align-left first instock featured virtual purchasable product-type-simple\" data-wp-interactive=\"woocommerce\/product-collection\" data-wp-context='{\"productId\":2103}' data-wp-key=\"product-item-2103\">\n\t\t\t\t\t\n<div data-aspect-ratio=\"3\/5\" data-block-name=\"woocommerce\/product-image\" data-is-descendent-of-query-loop=\"true\" data-show-sale-badge=\"false\" class=\"wc-block-components-product-image wc-block-grid__product-image wc-block-components-product-image--aspect-ratio-3-5 wp-block-woocommerce-product-image\"><a href=\"https:\/\/urolit.lv\/en\/product\/analize\/\" data-wp-on--click=\"woocommerce\/product-collection::actions.viewProduct\"><img decoding=\"async\" width=\"502\" height=\"502\" src=\"https:\/\/urolit.lv\/wp-content\/uploads\/2026\/03\/icon_5_crop-1.png\" class=\"attachment-woocommerce_single size-woocommerce_single\" alt=\"icon 5 crop\" data-testid=\"product-image\" data-image-id=\"2240\" style=\"object-fit:cover;aspect-ratio:3\/5\" loading=\"lazy\" srcset=\"https:\/\/urolit.lv\/wp-content\/uploads\/2026\/03\/icon_5_crop-1.png 502w, https:\/\/urolit.lv\/wp-content\/uploads\/2026\/03\/icon_5_crop-1-300x300.png 300w, https:\/\/urolit.lv\/wp-content\/uploads\/2026\/03\/icon_5_crop-1-150x150.png 150w, https:\/\/urolit.lv\/wp-content\/uploads\/2026\/03\/icon_5_crop-1-100x100.png 100w\" sizes=\"auto, (max-width: 502px) 100vw, 502px\" title=\"prod-test\"><div class=\"wc-block-components-product-image__inner-container\">\n\n<\/div><\/a><\/div>\n\n\n\n<h2 style=\"line-height:1.4\" class=\"has-text-align-center wp-block-post-title has-medium-font-size\"><a data-wp-on--click=\"woocommerce\/product-collection::actions.viewProduct\" href=\"https:\/\/urolit.lv\/en\/product\/analize\/\" target=\"_self\">Anal\u012bze<\/a><\/h2>\n\n<div data-block-name=\"woocommerce\/product-price\" data-font-size=\"small\" data-is-descendent-of-query-loop=\"true\" data-text-align=\"center\" class=\"has-font-size has-small-font-size has-text-align-center wp-block-woocommerce-product-price has-small-font-size\"><div class=\"wc-block-components-product-price wc-block-grid__product-price\">\n\t\t\t\t\t<span class=\"woocommerce-Price-amount amount\">58,00&nbsp;<span class=\"woocommerce-Price-currencySymbol\">&euro;<\/span><\/span>\n\t\t\t\t<\/div><\/div>\n\n\t\t\t\t<\/li><li class=\"wc-block-product post-2363 product type-product status-publish product_cat-urologs desktop-align-left tablet-align-left mobile-align-left  instock virtual purchasable product-type-simple\" data-wp-interactive=\"woocommerce\/product-collection\" data-wp-context='{\"productId\":2363}' data-wp-key=\"product-item-2363\">\n\t\t\t\t\t\n<div data-aspect-ratio=\"3\/5\" data-block-name=\"woocommerce\/product-image\" data-is-descendent-of-query-loop=\"true\" data-show-sale-badge=\"false\" class=\"wc-block-components-product-image wc-block-grid__product-image wc-block-components-product-image--aspect-ratio-3-5 wp-block-woocommerce-product-image\"><a href=\"https:\/\/urolit.lv\/en\/product\/harijs-tests-ar-personas-kodu-rekina\/\" data-wp-on--click=\"woocommerce\/product-collection::actions.viewProduct\"><img loading=\"lazy\" decoding=\"async\" width=\"600\" height=\"600\" src=\"https:\/\/urolit.lv\/wp-content\/uploads\/woocommerce-placeholder-600x600.webp\" class=\"woocommerce-placeholder wp-post-image\" alt=\"Placeholder\" style=\"object-fit:cover;aspect-ratio:3\/5\" srcset=\"https:\/\/urolit.lv\/wp-content\/uploads\/woocommerce-placeholder-600x600.webp 600w, https:\/\/urolit.lv\/wp-content\/uploads\/woocommerce-placeholder-300x300.webp 300w, https:\/\/urolit.lv\/wp-content\/uploads\/woocommerce-placeholder-100x100.webp 100w, https:\/\/urolit.lv\/wp-content\/uploads\/woocommerce-placeholder-1024x1024.webp 1024w, https:\/\/urolit.lv\/wp-content\/uploads\/woocommerce-placeholder-150x150.webp 150w, https:\/\/urolit.lv\/wp-content\/uploads\/woocommerce-placeholder-768x768.webp 768w, https:\/\/urolit.lv\/wp-content\/uploads\/woocommerce-placeholder.webp 1200w\" sizes=\"auto, (max-width: 600px) 100vw, 600px\" title=\"prod-test\"><div class=\"wc-block-components-product-image__inner-container\">\n\n<\/div><\/a><\/div>\n\n\n\n<h2 style=\"line-height:1.4\" class=\"has-text-align-center wp-block-post-title has-medium-font-size\"><a data-wp-on--click=\"woocommerce\/product-collection::actions.viewProduct\" href=\"https:\/\/urolit.lv\/en\/product\/harijs-tests-ar-personas-kodu-rekina\/\" target=\"_self\">harijs tests ar personas kodu r\u0113\u0137in\u0101<\/a><\/h2>\n\n<div data-block-name=\"woocommerce\/product-price\" data-font-size=\"small\" data-is-descendent-of-query-loop=\"true\" data-text-align=\"center\" class=\"has-font-size has-small-font-size has-text-align-center wp-block-woocommerce-product-price has-small-font-size\"><div class=\"wc-block-components-product-price wc-block-grid__product-price\">\n\t\t\t\t\t<span class=\"woocommerce-Price-amount amount\">0,35&nbsp;<span class=\"woocommerce-Price-currencySymbol\">&euro;<\/span><\/span>\n\t\t\t\t<\/div><\/div>\n\n\t\t\t\t<\/li><li class=\"wc-block-product post-2104 product type-product status-publish has-post-thumbnail product_cat-urologs desktop-align-left tablet-align-left mobile-align-left  instock featured virtual purchasable product-type-simple\" data-wp-interactive=\"woocommerce\/product-collection\" data-wp-context='{\"productId\":2104}' data-wp-key=\"product-item-2104\">\n\t\t\t\t\t\n<div data-aspect-ratio=\"3\/5\" data-block-name=\"woocommerce\/product-image\" data-is-descendent-of-query-loop=\"true\" data-show-sale-badge=\"false\" class=\"wc-block-components-product-image wc-block-grid__product-image wc-block-components-product-image--aspect-ratio-3-5 wp-block-woocommerce-product-image\"><a href=\"https:\/\/urolit.lv\/en\/product\/konsultacija\/\" data-wp-on--click=\"woocommerce\/product-collection::actions.viewProduct\"><img decoding=\"async\" width=\"502\" height=\"502\" src=\"https:\/\/urolit.lv\/wp-content\/uploads\/2026\/03\/icon_6_crop-1.png\" class=\"attachment-woocommerce_single size-woocommerce_single\" alt=\"icon 6 crop\" data-testid=\"product-image\" data-image-id=\"2241\" style=\"object-fit:cover;aspect-ratio:3\/5\" loading=\"lazy\" srcset=\"https:\/\/urolit.lv\/wp-content\/uploads\/2026\/03\/icon_6_crop-1.png 502w, https:\/\/urolit.lv\/wp-content\/uploads\/2026\/03\/icon_6_crop-1-300x300.png 300w, https:\/\/urolit.lv\/wp-content\/uploads\/2026\/03\/icon_6_crop-1-150x150.png 150w, https:\/\/urolit.lv\/wp-content\/uploads\/2026\/03\/icon_6_crop-1-100x100.png 100w\" sizes=\"auto, (max-width: 502px) 100vw, 502px\" title=\"prod-test\"><div class=\"wc-block-components-product-image__inner-container\">\n\n<\/div><\/a><\/div>\n\n\n\n<h2 style=\"line-height:1.4\" class=\"has-text-align-center wp-block-post-title has-medium-font-size\"><a data-wp-on--click=\"woocommerce\/product-collection::actions.viewProduct\" href=\"https:\/\/urolit.lv\/en\/product\/konsultacija\/\" target=\"_self\">Konsult\u0101cija<\/a><\/h2>\n\n<div data-block-name=\"woocommerce\/product-price\" data-font-size=\"small\" data-is-descendent-of-query-loop=\"true\" data-text-align=\"center\" class=\"has-font-size has-small-font-size has-text-align-center wp-block-woocommerce-product-price has-small-font-size\"><div class=\"wc-block-components-product-price wc-block-grid__product-price\">\n\t\t\t\t\t<span class=\"woocommerce-Price-amount amount\">70,00&nbsp;<span class=\"woocommerce-Price-currencySymbol\">&euro;<\/span><\/span>\n\t\t\t\t<\/div><\/div>\n\n\t\t\t\t<\/li><\/ul><\/div>\n<\/div>\n\n<\/div>\n","protected":false},"excerpt":{"rendered":"","protected":false},"author":1,"featured_media":0,"parent":0,"menu_order":0,"comment_status":"closed","ping_status":"closed","template":"","meta":{"_uag_custom_page_level_css":"","site-sidebar-layout":"default","site-content-layout":"","ast-site-content-layout":"default","site-content-style":"default","site-sidebar-style":"default","ast-global-header-display":"","ast-banner-title-visibility":"","ast-main-header-display":"","ast-hfb-above-header-display":"","ast-hfb-below-header-display":"","ast-hfb-mobile-header-display":"","site-post-title":"","ast-breadcrumbs-content":"","ast-featured-img":"","footer-sml-layout":"","ast-disable-related-posts":"","theme-transparent-header-meta":"","adv-header-id-meta":"","stick-header-meta":"","header-above-stick-meta":"","header-main-stick-meta":"","header-below-stick-meta":"","astra-migrate-meta-layouts":"set","ast-page-background-enabled":"default","ast-page-background-meta":{"desktop":{"background-color":"var(--ast-global-color-4)","background-image":"","background-repeat":"repeat","background-position":"center center","background-size":"auto","background-attachment":"scroll","background-type":"","background-media":"","overlay-type":"","overlay-color":"","overlay-opacity":"","overlay-gradient":""},"tablet":{"background-color":"","background-image":"","background-repeat":"repeat","background-position":"center center","background-size":"auto","background-attachment":"scroll","background-type":"","background-media":"","overlay-type":"","overlay-color":"","overlay-opacity":"","overlay-gradient":""},"mobile":{"background-color":"","background-image":"","background-repeat":"repeat","background-position":"center center","background-size":"auto","background-attachment":"scroll","background-type":"","background-media":"","overlay-type":"","overlay-color":"","overlay-opacity":"","overlay-gradient":""}},"ast-content-background-meta":{"desktop":{"background-color":"var(--ast-global-color-5)","background-image":"","background-repeat":"repeat","background-position":"center center","background-size":"auto","background-attachment":"scroll","background-type":"","background-media":"","overlay-type":"","overlay-color":"","overlay-opacity":"","overlay-gradient":""},"tablet":{"background-color":"var(--ast-global-color-5)","background-image":"","background-repeat":"repeat","background-position":"center center","background-size":"auto","background-attachment":"scroll","background-type":"","background-media":"","overlay-type":"","overlay-color":"","overlay-opacity":"","overlay-gradient":""},"mobile":{"background-color":"var(--ast-global-color-5)","background-image":"","background-repeat":"repeat","background-position":"center center","background-size":"auto","background-attachment":"scroll","background-type":"","background-media":"","overlay-type":"","overlay-color":"","overlay-opacity":"","overlay-gradient":""}},"footnotes":""},"class_list":["post-2254","page","type-page","status-publish","hentry"],"aioseo_notices":[],"_hostinger_reach_plugin_has_subscription_block":false,"_hostinger_reach_plugin_is_elementor":false,"uagb_featured_image_src":{"full":false,"thumbnail":false,"medium":false,"medium_large":false,"large":false,"1536x1536":false,"2048x2048":false,"trp-custom-language-flag":false,"woocommerce_thumbnail":false,"woocommerce_single":false,"woocommerce_gallery_thumbnail":false},"uagb_author_info":{"display_name":"harijs.cirulis@whitedigital.eu","author_link":"https:\/\/urolit.lv\/en\/author\/harijs-ciruliswhitedigital-eu\/"},"uagb_comment_info":0,"uagb_excerpt":null,"_links":{"self":[{"href":"https:\/\/urolit.lv\/en\/wp-json\/wp\/v2\/pages\/2254","targetHints":{"allow":["GET"]}}],"collection":[{"href":"https:\/\/urolit.lv\/en\/wp-json\/wp\/v2\/pages"}],"about":[{"href":"https:\/\/urolit.lv\/en\/wp-json\/wp\/v2\/types\/page"}],"author":[{"embeddable":true,"href":"https:\/\/urolit.lv\/en\/wp-json\/wp\/v2\/users\/1"}],"replies":[{"embeddable":true,"href":"https:\/\/urolit.lv\/en\/wp-json\/wp\/v2\/comments?post=2254"}],"version-history":[{"count":4,"href":"https:\/\/urolit.lv\/en\/wp-json\/wp\/v2\/pages\/2254\/revisions"}],"predecessor-version":[{"id":2258,"href":"https:\/\/urolit.lv\/en\/wp-json\/wp\/v2\/pages\/2254\/revisions\/2258"}],"wp:attachment":[{"href":"https:\/\/urolit.lv\/en\/wp-json\/wp\/v2\/media?parent=2254"}],"curies":[{"name":"wp","href":"https:\/\/api.w.org\/{rel}","templated":true}]}}