{"id":2247,"date":"2026-03-19T01:13:54","date_gmt":"2026-03-19T01:13:54","guid":{"rendered":"https:\/\/urolit.lv\/?page_id=2247"},"modified":"2026-03-19T01:13:55","modified_gmt":"2026-03-19T01:13:55","slug":"noteikumi","status":"publish","type":"page","link":"https:\/\/urolit.lv\/en\/noteikumi\/","title":{"rendered":"Terms and Conditions"},"content":{"rendered":"<h2 class=\"wp-block-heading\">Terms and Conditions<\/h2>\n\n\n\n<h3 class=\"wp-block-heading\">UROLIT PAKALPOJUMU IEG\u0100DES UN IZMANTO\u0160ANAS NOTEIKUMI<\/h3>\n\n\n\n<p>SIA UROLIT (turpm\u0101k tekst\u0101 Urolit), re\u0123istr\u0101cijas Nr. 40203352230, juridisk\u0101 adrese Strautu iela 13, M\u0101rupe, LV-2167, Latvija, pied\u0101v\u0101 ieg\u0101d\u0101ties medic\u012bnas pakalpojumus \u2013 izmekl\u0113jumus, konsult\u0101cijas, medic\u012bniskas manipul\u0101cijas. Medic\u012bnas pakalpojumus iesp\u0113jams ieg\u0101d\u0101ties Urolit m\u0101jas lap\u0101 urolit.lv. Medic\u012bnas pakalpojumus iesp\u0113jams ieg\u0101d\u0101ties ar\u012b Urolit medic\u012bnas iest\u0101des re\u0123istrat\u016br\u0101, kas atrodas R\u012bg\u0101, E. Smi\u013c\u0123a iel\u0101 44-115, samaks\u0101jot skaidr\u0101 naud\u0101 vai ar maks\u0101jumu kart\u0113m. Urolit re\u0123istrat\u016br\u0101 medic\u012bnas pakalpojumus iesp\u0113jams ieg\u0101d\u0101ties tikai noteiktaj\u0101 darba laik\u0101, kuru iesp\u0113jams uzzin\u0101t zvanot uz t\u0101lruni&nbsp;<strong>+371 63013255<\/strong>.<\/p>\n\n\n\n<p>Apskat\u012bt anal\u012b\u017eu rezult\u0101tus iesp\u0113jams datamed.lv port\u0101l\u0101 izmantojot epast\u0101 sa\u0146emt\u0101s piek\u013cuves p\u0113c anal\u012b\u017eu veik\u0161anas.<\/p>\n\n\n\n<h3 class=\"wp-block-heading\">PIRKUMA APMAKSAS IESP\u0112JAS<\/h3>\n\n\n\n<p>Medic\u012bnas pakalpojumus iesp\u0113jams ieg\u0101d\u0101ties, veicot apmaksu ar maks\u0101jumu kart\u0113m vai internetbank\u0101m&nbsp; vai veicot skaidras naudas maks\u0101jumu SIA UROLIT re\u0123istrat\u016br\u0101.<\/p>\n\n\n\n<h3 class=\"wp-block-heading\">MEDIC\u012aNA PAKLPOJUMA IEG\u0100DE M\u0100JAS LAP\u0100<\/h3>\n\n\n\n<p>Lai ieg\u0101d\u0101joties medic\u012bnas pakalpojumu m\u0101jas lap\u0101 urolit.lv, pacientam\/ei j\u0101izv\u0113las interes\u0113jo\u0161ais pakalpojums un j\u0101veic t\u0101 apmaksa. Tuv\u0101kaj\u0101 laik\u0101 ar vi\u0146u sazin\u0101sies re\u0123istratore un preciz\u0113s konsult\u0101cijas laiku vai ar\u012b ja tiks izv\u0113l\u0113ta nierakmens anal\u012bze, provizorisko rezult\u0101ta datumu. Otra iesp\u0113ja b\u016bs veikt pierakstu un apmaksu izmantojot e-pierkastu, kur var\u0113s izv\u0113l\u0113ties sev piem\u0113rotu datumu un laiku. Apmaksas br\u012bd\u012b pacients\/e aizpilda m\u0101jas lap\u0101 pieejamu veidlapu, nor\u0101dot savu v\u0101rdu, uzv\u0101rdu, elektronisko pasta adresi un mobil\u0101 t\u0101lru\u0146a numuru. P\u0113c datu ievad\u012b\u0161anas, maks\u0101jumu lap\u0101 pacientam\/ei j\u0101izv\u0113las viens no pied\u0101v\u0101tajiem medic\u012bnisk\u0101 pakalpojuma apmaksas veidiem \u2013 ar bankas maks\u0101jumu karti vai internetbanku. P\u0113c maks\u0101juma veik\u0161anas pacientam\/ei uz re\u0123istr\u0101cijas laik\u0101 nor\u0101d\u012bto Urolit lietot\u0101ja konta elektronisk\u0101 pasta adresi tiks nos\u016bt\u012bts medic\u012bnisk\u0101 pakalpojuma pirkuma apstiprin\u0101jums un medic\u012bnisk\u0101 pakalpouma apmaksas r\u0113\u0137inu elektronisk\u0101 pasta pielikum\u0101. Ja p\u0113c apmaksas veik\u0161anas pacientam\/ei uz vi\u0146a nor\u0101d\u012bto elektronisk\u0101 pasta adresi nepien\u0101k s\u016bt\u012bjums ar medic\u012bnisk\u0101 pakalpojuma apmaksas apstiprin\u0101jumu un r\u0113\u0137inu, pacients var pazi\u0146ot par to Urolit administr\u0101cijai, zvanot uz t\u0101lruni&nbsp;<strong>+371 63013255<\/strong>&nbsp;vai rakstot e-pastu uz info@urolit.lv. Urolit re\u0123istratore p\u0101rbaud\u012bs pacienta nor\u0101d\u012bto elektronisk\u0101 pasta adresi un atk\u0101rtoti nos\u016bt\u012bs pacientam s\u016bt\u012bjumu ar apmaksas r\u0113\u0137inu.<\/p>\n\n\n\n<h3 class=\"wp-block-heading\">KONSULT\u0100CIJAS LAIKA MAI\u0145A<\/h3>\n\n\n\n<p>Urolit nodro\u0161ina iesp\u0113ju pacientam\/ei bez maksas main\u012bt konsult\u0101cijas laiku, ja pacients\/e par \u0161\u0101du v\u0113lmi pazi\u0146o Urolit ne v\u0113l\u0101k k\u0101 48 stundas pirms s\u0101kotn\u0113ji pieteikt\u0101 konsult\u0101cijas laika. Par jauno konsult\u0101cijas laiku Urolit un pacients\/e vienojas, \u0146emot v\u0113r\u0101 iesp\u0113ju nodro\u0161in\u0101t konsult\u0101cija cit\u0101 pacientam\/ei izv\u0113l\u0113taj\u0101 laik\u0101, piem\u0113ram, ja tas sakr\u012bt ar SIA \u201cUROLIT\u201d darba laiku un izv\u0113l\u0113tais laiks nav aiz\u0146emts citam\/ai pacientam\/ei . Konsult\u0101cijas laiku iesp\u0113jams main\u012bt, zvanot uz t\u0101lruni&nbsp;<strong>+371 63013255<\/strong>&nbsp;vai s\u016btot elektronisko pastu uz adresi info@urolit.lv, v\u0113stul\u0113 nor\u0101dot pacienta v\u0101rdu, uzv\u0101rdu, elektronisk\u0101 pasta adresi, rezerv\u0113to (atce\u013camo) konsult\u0101cijas laiku un v\u0113lamo jauno konsult\u0101cijas laiku. Ieg\u0101d\u0101t\u0101 konsult\u0101cijas laika mai\u0146a iesp\u0113jama tikai vienu reizi. Naudu par ieg\u0101d\u0101tu, bet neizmantotu konsult\u0101ciju neatmaks\u0101.<\/p>\n\n\n\n<h3 class=\"wp-block-heading\">NAUDAS ATGRIE\u0160ANA<\/h3>\n\n\n\n<p>P\u0113c anal\u012b\u017eu nodo\u0161anas un apmaksas veik\u0161anas naudu atgriezt nav iesp\u0113jams.<\/p>\n\n\n\n<h3 class=\"wp-block-heading\">IZMAI\u0145AS PAKALPOJUMU IEG\u0100DES UN IZMANTO\u0160ANAS NOTEIKUMOS<\/h3>\n\n\n\n<p>Veicot apmaksu UROLIT m\u0101jas lap\u0101, pacients\/e piln\u012bb\u0101 piekr\u012bt \u0161iem noteikumiem.<\/p>\n\n\n\n<p>UROLIT ir ties\u012bgs jebkur\u0101 laik\u0101 p\u0113c saviem ieskatiem main\u012bt \u0161os noteikumus un \u0161\u012bs izmai\u0146as st\u0101jas sp\u0113k\u0101 ar br\u012bdi, kad t\u0101s ir public\u0113tas m\u0101jas lap\u0101 urolit.lv.<\/p>","protected":false},"excerpt":{"rendered":"<p>Noteikumi UROLIT PAKALPOJUMU IEG\u0100DES UN IZMANTO\u0160ANAS NOTEIKUMI SIA UROLIT (turpm\u0101k tekst\u0101 Urolit), re\u0123istr\u0101cijas Nr. 40203352230, juridisk\u0101 adrese Strautu iela 13, M\u0101rupe, LV-2167, Latvija, pied\u0101v\u0101 ieg\u0101d\u0101ties medic\u012bnas pakalpojumus \u2013 izmekl\u0113jumus, konsult\u0101cijas, medic\u012bniskas manipul\u0101cijas. Medic\u012bnas pakalpojumus iesp\u0113jams ieg\u0101d\u0101ties Urolit m\u0101jas lap\u0101 urolit.lv. Medic\u012bnas pakalpojumus iesp\u0113jams ieg\u0101d\u0101ties ar\u012b Urolit medic\u012bnas iest\u0101des re\u0123istrat\u016br\u0101, kas atrodas R\u012bg\u0101, E. Smi\u013c\u0123a iel\u0101 [&hellip;]<\/p>\n","protected":false},"author":1,"featured_media":0,"parent":0,"menu_order":0,"comment_status":"closed","ping_status":"open","template":"","meta":{"_uag_custom_page_level_css":"","site-sidebar-layout":"default","site-content-layout":"","ast-site-content-layout":"default","site-content-style":"default","site-sidebar-style":"default","ast-global-header-display":"","ast-banner-title-visibility":"","ast-main-header-display":"","ast-hfb-above-header-display":"","ast-hfb-below-header-display":"","ast-hfb-mobile-header-display":"","site-post-title":"","ast-breadcrumbs-content":"","ast-featured-img":"","footer-sml-layout":"","ast-disable-related-posts":"","theme-transparent-header-meta":"","adv-header-id-meta":"","stick-header-meta":"","header-above-stick-meta":"","header-main-stick-meta":"","header-below-stick-meta":"","astra-migrate-meta-layouts":"set","ast-page-background-enabled":"default","ast-page-background-meta":{"desktop":{"background-color":"var(--ast-global-color-4)","background-image":"","background-repeat":"repeat","background-position":"center center","background-size":"auto","background-attachment":"scroll","background-type":"","background-media":"","overlay-type":"","overlay-color":"","overlay-opacity":"","overlay-gradient":""},"tablet":{"background-color":"","background-image":"","background-repeat":"repeat","background-position":"center center","background-size":"auto","background-attachment":"scroll","background-type":"","background-media":"","overlay-type":"","overlay-color":"","overlay-opacity":"","overlay-gradient":""},"mobile":{"background-color":"","background-image":"","background-repeat":"repeat","background-position":"center center","background-size":"auto","background-attachment":"scroll","background-type":"","background-media":"","overlay-type":"","overlay-color":"","overlay-opacity":"","overlay-gradient":""}},"ast-content-background-meta":{"desktop":{"background-color":"var(--ast-global-color-5)","background-image":"","background-repeat":"repeat","background-position":"center center","background-size":"auto","background-attachment":"scroll","background-type":"","background-media":"","overlay-type":"","overlay-color":"","overlay-opacity":"","overlay-gradient":""},"tablet":{"background-color":"var(--ast-global-color-5)","background-image":"","background-repeat":"repeat","background-position":"center center","background-size":"auto","background-attachment":"scroll","background-type":"","background-media":"","overlay-type":"","overlay-color":"","overlay-opacity":"","overlay-gradient":""},"mobile":{"background-color":"var(--ast-global-color-5)","background-image":"","background-repeat":"repeat","background-position":"center center","background-size":"auto","background-attachment":"scroll","background-type":"","background-media":"","overlay-type":"","overlay-color":"","overlay-opacity":"","overlay-gradient":""}},"footnotes":""},"class_list":["post-2247","page","type-page","status-publish","hentry"],"aioseo_notices":[],"_hostinger_reach_plugin_has_subscription_block":false,"_hostinger_reach_plugin_is_elementor":false,"uagb_featured_image_src":{"full":false,"thumbnail":false,"medium":false,"medium_large":false,"large":false,"1536x1536":false,"2048x2048":false,"trp-custom-language-flag":false,"woocommerce_thumbnail":false,"woocommerce_single":false,"woocommerce_gallery_thumbnail":false},"uagb_author_info":{"display_name":"harijs.cirulis@whitedigital.eu","author_link":"https:\/\/urolit.lv\/en\/author\/harijs-ciruliswhitedigital-eu\/"},"uagb_comment_info":0,"uagb_excerpt":"Noteikumi UROLIT PAKALPOJUMU IEG\u0100DES UN IZMANTO\u0160ANAS NOTEIKUMI SIA UROLIT (turpm\u0101k tekst\u0101 Urolit), re\u0123istr\u0101cijas Nr. 40203352230, juridisk\u0101 adrese Strautu iela 13, M\u0101rupe, LV-2167, Latvija, pied\u0101v\u0101 ieg\u0101d\u0101ties medic\u012bnas pakalpojumus \u2013 izmekl\u0113jumus, konsult\u0101cijas, medic\u012bniskas manipul\u0101cijas. Medic\u012bnas pakalpojumus iesp\u0113jams ieg\u0101d\u0101ties Urolit m\u0101jas lap\u0101 urolit.lv. Medic\u012bnas pakalpojumus iesp\u0113jams ieg\u0101d\u0101ties ar\u012b Urolit medic\u012bnas iest\u0101des re\u0123istrat\u016br\u0101, kas atrodas R\u012bg\u0101, E. Smi\u013c\u0123a iel\u0101&hellip;","_links":{"self":[{"href":"https:\/\/urolit.lv\/en\/wp-json\/wp\/v2\/pages\/2247","targetHints":{"allow":["GET"]}}],"collection":[{"href":"https:\/\/urolit.lv\/en\/wp-json\/wp\/v2\/pages"}],"about":[{"href":"https:\/\/urolit.lv\/en\/wp-json\/wp\/v2\/types\/page"}],"author":[{"embeddable":true,"href":"https:\/\/urolit.lv\/en\/wp-json\/wp\/v2\/users\/1"}],"replies":[{"embeddable":true,"href":"https:\/\/urolit.lv\/en\/wp-json\/wp\/v2\/comments?post=2247"}],"version-history":[{"count":2,"href":"https:\/\/urolit.lv\/en\/wp-json\/wp\/v2\/pages\/2247\/revisions"}],"predecessor-version":[{"id":2249,"href":"https:\/\/urolit.lv\/en\/wp-json\/wp\/v2\/pages\/2247\/revisions\/2249"}],"wp:attachment":[{"href":"https:\/\/urolit.lv\/en\/wp-json\/wp\/v2\/media?parent=2247"}],"curies":[{"name":"wp","href":"https:\/\/api.w.org\/{rel}","templated":true}]}}